{"id":1122,"date":"2022-01-10T13:11:16","date_gmt":"2022-01-10T13:11:16","guid":{"rendered":"http:\/\/blueberry-group.com\/switcheatappdev\/wordpressovh\/?page_id=1122"},"modified":"2022-08-03T11:42:36","modified_gmt":"2022-08-03T11:42:36","slug":"contact","status":"publish","type":"page","link":"https:\/\/blueberry-group.com\/switcheatappdev\/wordpressovh\/en\/contact\/","title":{"rendered":"contact"},"content":{"rendered":"<p><img loading=\"lazy\" decoding=\"async\" width=\"330\" height=\"110\" src=\"https:\/\/blueberry-group.com\/switcheatappdev\/wordpressovh\/wp-content\/uploads\/2022\/01\/logo_small.png\" alt=\"switchup\" srcset=\"https:\/\/blueberry-group.com\/switcheatappdev\/wordpressovh\/wp-content\/uploads\/2022\/01\/logo_small.png 330w, https:\/\/blueberry-group.com\/switcheatappdev\/wordpressovh\/wp-content\/uploads\/2022\/01\/logo_small-300x100.png 300w\" sizes=\"auto, (max-width: 330px) 100vw, 330px\"><\/p>\n<p>Vous avez une question ou besoin d&rsquo;informations additionnelles.<br \/>\nN&rsquo;h\u00e9sitez pas \u00e0 nous contacter pour poser vos questions et notre service client vous r\u00e9pondradans les meilleurs d\u00e9lais<\/p>\n<h2>Would you like to contact us or receive information?<\/h2>\n<p>DOWNLOAD NOW<\/p>\n<h2>SWITCHUP<\/h2>\n<p><a href=\"#\" role=\"button\"><br \/>\nDOWNLOAD ON GOOGLE PLAY<br \/>\n<\/a><br \/>\n<a href=\"https:\/\/apps.apple.com\/fr\/app\/switchup\/id1603992143\" role=\"button\"><br \/>\nDOWNLOAD ON THE APP STORE<br \/>\n<\/a><\/p>\n<p style=\"text-align: center;\">Download now<\/p>\n<p><a href=\"https:\/\/play.google.com\/store\/apps\/details?id=com.switcheatnew&amp;hl=fr&amp;gl=US\" role=\"button\"><br \/>\nGoogle Play<br \/>\n<\/a><br \/>\n<a href=\"https:\/\/apps.apple.com\/fr\/app\/switchup\/id1603992143\" role=\"button\"><br \/>\nApp Store<br \/>\n<\/a><br \/>\n<img loading=\"lazy\" decoding=\"async\" width=\"130\" height=\"130\" src=\"https:\/\/blueberry-group.com\/switcheatappdev\/wordpressovh\/wp-content\/uploads\/2022\/01\/logo_footer.jpg\" alt=\"\"><\/p>\n<h2><a href=\"https:\/\/blueberry-group.com\/switcheatappdev\/wordpressovh\/en\/politique-de-confidentialite\/\">&#8211; Politique de confidentialit\u00e9 &amp; CGU<\/a><\/h2>\n<h2><a href=\"https:\/\/blueberry-group.com\/switcheatappdev\/wordpressovh\/en\/sources-de-recommandation\/\">&#8211; Sources de recommandation<\/a><\/h2>\n<h2><a href=\"https:\/\/blueberry-group.com\/switcheatappdev\/wordpressovh\/en\/cookies\/\">&#8211; COOKIES<\/a><\/h2>\n<h2><a href=\"https:\/\/blueberry-group.com\/switcheatappdev\/wordpressovh\/en\/contact\/\">&#8211; CONTACTEZ NOUS\u200b<\/a><\/h2>\n<p><img loading=\"lazy\" decoding=\"async\" width=\"130\" height=\"130\" src=\"https:\/\/blueberry-group.com\/switcheatappdev\/wordpressovh\/wp-content\/uploads\/2022\/01\/logo_footer.jpg\" alt=\"\"><\/p>\n<h2><a href=\"https:\/\/blueberry-group.com\/switcheatappdev\/wordpressovh\/en\/politique-de-confidentialite\/\">Privacy policy &amp; T&amp;Cs<\/a><\/h2>\n<h2><a href=\"https:\/\/blueberry-group.com\/switcheatappdev\/wordpressovh\/en\/sources-de-recommandation\/\">Source of recommendation<\/a><\/h2>\n<h2><a href=\"https:\/\/blueberry-group.com\/switcheatappdev\/wordpressovh\/en\/cookies\/\">COOKIES<\/a><\/h2>\n<h2><a href=\"https:\/\/blueberry-group.com\/switcheatappdev\/wordpressovh\/en\/contact\/\">CONTACT US<\/a><\/h2>","protected":false},"excerpt":{"rendered":"<p>Vous avez une question ou besoin d&rsquo;informations additionnelles. N&rsquo;h\u00e9sitez pas \u00e0 nous contacter pour poser vos questions et notre service client vous r\u00e9pondradans les meilleurs d\u00e9lais Vous souhaitez nous contacter ou recevoir des informations ? T\u00c9L\u00c9CHARGEZ D\u00c8S MAINTENANT SWITCHUP T\u00c9L\u00c9CHARGEZ SUR GOOGLE PLAY T\u00c9L\u00c9CHARGEZ SUR APP STORE T\u00e9l\u00e9chargez d\u00e8s maintenant Google Play App Store &#8211; [&hellip;]<\/p>","protected":false},"author":3,"featured_media":0,"parent":0,"menu_order":0,"comment_status":"closed","ping_status":"closed","template":"","meta":{"ocean_post_layout":"full-width","ocean_both_sidebars_style":"","ocean_both_sidebars_content_width":0,"ocean_both_sidebars_sidebars_width":0,"ocean_sidebar":"0","ocean_second_sidebar":"0","ocean_disable_margins":"on","ocean_add_body_class":"","ocean_shortcode_before_top_bar":"","ocean_shortcode_after_top_bar":"","ocean_shortcode_before_header":"","ocean_shortcode_after_header":"","ocean_has_shortcode":"","ocean_shortcode_after_title":"","ocean_shortcode_before_footer_widgets":"","ocean_shortcode_after_footer_widgets":"","ocean_shortcode_before_footer_bottom":"","ocean_shortcode_after_footer_bottom":"","ocean_display_top_bar":"default","ocean_display_header":"default","ocean_header_style":"","ocean_center_header_left_menu":"0","ocean_custom_header_template":"0","ocean_custom_logo":0,"ocean_custom_retina_logo":0,"ocean_custom_logo_max_width":0,"ocean_custom_logo_tablet_max_width":0,"ocean_custom_logo_mobile_max_width":0,"ocean_custom_logo_max_height":0,"ocean_custom_logo_tablet_max_height":0,"ocean_custom_logo_mobile_max_height":0,"ocean_header_custom_menu":"0","ocean_menu_typo_font_family":"0","ocean_menu_typo_font_subset":"","ocean_menu_typo_font_size":0,"ocean_menu_typo_font_size_tablet":0,"ocean_menu_typo_font_size_mobile":0,"ocean_menu_typo_font_size_unit":"px","ocean_menu_typo_font_weight":"","ocean_menu_typo_font_weight_tablet":"","ocean_menu_typo_font_weight_mobile":"","ocean_menu_typo_transform":"","ocean_menu_typo_transform_tablet":"","ocean_menu_typo_transform_mobile":"","ocean_menu_typo_line_height":0,"ocean_menu_typo_line_height_tablet":0,"ocean_menu_typo_line_height_mobile":0,"ocean_menu_typo_line_height_unit":"","ocean_menu_typo_spacing":0,"ocean_menu_typo_spacing_tablet":0,"ocean_menu_typo_spacing_mobile":0,"ocean_menu_typo_spacing_unit":"","ocean_menu_link_color":"","ocean_menu_link_color_hover":"","ocean_menu_link_color_active":"","ocean_menu_link_background":"","ocean_menu_link_hover_background":"","ocean_menu_link_active_background":"","ocean_menu_social_links_bg":"","ocean_menu_social_hover_links_bg":"","ocean_menu_social_links_color":"","ocean_menu_social_hover_links_color":"","ocean_disable_title":"on","ocean_disable_heading":"default","ocean_post_title":"","ocean_post_subheading":"","ocean_post_title_style":"","ocean_post_title_background_color":"","ocean_post_title_background":0,"ocean_post_title_bg_image_position":"","ocean_post_title_bg_image_attachment":"","ocean_post_title_bg_image_repeat":"","ocean_post_title_bg_image_size":"","ocean_post_title_height":0,"ocean_post_title_bg_overlay":0.5,"ocean_post_title_bg_overlay_color":"","ocean_disable_breadcrumbs":"default","ocean_breadcrumbs_color":"","ocean_breadcrumbs_separator_color":"","ocean_breadcrumbs_links_color":"","ocean_breadcrumbs_links_hover_color":"","ocean_display_footer_widgets":"off","ocean_display_footer_bottom":"off","ocean_custom_footer_template":"0","footnotes":""},"class_list":["post-1122","page","type-page","status-publish","hentry","entry"],"yoast_head":"<!-- This site is optimized with the Yoast SEO plugin v27.4 - https:\/\/yoast.com\/product\/yoast-seo-wordpress\/ -->\n<title>contact - SwitchUp<\/title>\n<meta name=\"robots\" content=\"index, follow, max-snippet:-1, max-image-preview:large, max-video-preview:-1\" \/>\n<link rel=\"canonical\" href=\"https:\/\/blueberry-group.com\/switcheatappdev\/wordpressovh\/en\/contact\/\" \/>\n<meta property=\"og:locale\" content=\"en_US\" \/>\n<meta property=\"og:type\" content=\"article\" \/>\n<meta property=\"og:title\" content=\"contact - SwitchUp\" \/>\n<meta property=\"og:description\" content=\"Vous avez une question ou besoin d&rsquo;informations additionnelles. N&rsquo;h\u00e9sitez pas \u00e0 nous contacter pour poser vos questions et notre service client vous r\u00e9pondradans les meilleurs d\u00e9lais Vous souhaitez nous contacter ou recevoir des informations ? T\u00c9L\u00c9CHARGEZ D\u00c8S MAINTENANT SWITCHUP T\u00c9L\u00c9CHARGEZ SUR GOOGLE PLAY T\u00c9L\u00c9CHARGEZ SUR APP STORE T\u00e9l\u00e9chargez d\u00e8s maintenant Google Play App Store &#8211; [&hellip;]\" \/>\n<meta property=\"og:url\" content=\"https:\/\/blueberry-group.com\/switcheatappdev\/wordpressovh\/en\/contact\/\" \/>\n<meta property=\"og:site_name\" content=\"SwitchUp\" \/>\n<meta property=\"article:modified_time\" content=\"2022-08-03T11:42:36+00:00\" \/>\n<meta property=\"og:image\" content=\"https:\/\/blueberry-group.com\/switcheatappdev\/wordpressovh\/wp-content\/uploads\/2022\/01\/logo_small.png\" \/>\n<meta name=\"twitter:card\" content=\"summary_large_image\" \/>\n<meta name=\"twitter:label1\" content=\"Est. reading time\" \/>\n\t<meta name=\"twitter:data1\" content=\"1 minute\" \/>\n<script type=\"application\/ld+json\" class=\"yoast-schema-graph\">{\"@context\":\"https:\\\/\\\/schema.org\",\"@graph\":[{\"@type\":\"WebPage\",\"@id\":\"https:\\\/\\\/blueberry-group.com\\\/switcheatappdev\\\/wordpressovh\\\/contact\\\/\",\"url\":\"https:\\\/\\\/blueberry-group.com\\\/switcheatappdev\\\/wordpressovh\\\/contact\\\/\",\"name\":\"contact - SwitchUp\",\"isPartOf\":{\"@id\":\"https:\\\/\\\/blueberry-group.com\\\/switcheatappdev\\\/wordpressovh\\\/#website\"},\"primaryImageOfPage\":{\"@id\":\"https:\\\/\\\/blueberry-group.com\\\/switcheatappdev\\\/wordpressovh\\\/contact\\\/#primaryimage\"},\"image\":{\"@id\":\"https:\\\/\\\/blueberry-group.com\\\/switcheatappdev\\\/wordpressovh\\\/contact\\\/#primaryimage\"},\"thumbnailUrl\":\"https:\\\/\\\/blueberry-group.com\\\/switcheatappdev\\\/wordpressovh\\\/wp-content\\\/uploads\\\/2022\\\/01\\\/logo_small.png\",\"datePublished\":\"2022-01-10T13:11:16+00:00\",\"dateModified\":\"2022-08-03T11:42:36+00:00\",\"breadcrumb\":{\"@id\":\"https:\\\/\\\/blueberry-group.com\\\/switcheatappdev\\\/wordpressovh\\\/contact\\\/#breadcrumb\"},\"inLanguage\":\"en-US\",\"potentialAction\":[{\"@type\":\"ReadAction\",\"target\":[\"https:\\\/\\\/blueberry-group.com\\\/switcheatappdev\\\/wordpressovh\\\/contact\\\/\"]}]},{\"@type\":\"ImageObject\",\"inLanguage\":\"en-US\",\"@id\":\"https:\\\/\\\/blueberry-group.com\\\/switcheatappdev\\\/wordpressovh\\\/contact\\\/#primaryimage\",\"url\":\"https:\\\/\\\/blueberry-group.com\\\/switcheatappdev\\\/wordpressovh\\\/wp-content\\\/uploads\\\/2022\\\/01\\\/logo_small.png\",\"contentUrl\":\"https:\\\/\\\/blueberry-group.com\\\/switcheatappdev\\\/wordpressovh\\\/wp-content\\\/uploads\\\/2022\\\/01\\\/logo_small.png\"},{\"@type\":\"BreadcrumbList\",\"@id\":\"https:\\\/\\\/blueberry-group.com\\\/switcheatappdev\\\/wordpressovh\\\/contact\\\/#breadcrumb\",\"itemListElement\":[{\"@type\":\"ListItem\",\"position\":1,\"name\":\"Accueil\",\"item\":\"https:\\\/\\\/blueberry-group.com\\\/switcheatappdev\\\/wordpressovh\\\/\"},{\"@type\":\"ListItem\",\"position\":2,\"name\":\"contact\"}]},{\"@type\":\"WebSite\",\"@id\":\"https:\\\/\\\/blueberry-group.com\\\/switcheatappdev\\\/wordpressovh\\\/#website\",\"url\":\"https:\\\/\\\/blueberry-group.com\\\/switcheatappdev\\\/wordpressovh\\\/\",\"name\":\"SwitchUp\",\"description\":\"No Diet, just Switch !\",\"publisher\":{\"@id\":\"https:\\\/\\\/blueberry-group.com\\\/switcheatappdev\\\/wordpressovh\\\/#organization\"},\"potentialAction\":[{\"@type\":\"SearchAction\",\"target\":{\"@type\":\"EntryPoint\",\"urlTemplate\":\"https:\\\/\\\/blueberry-group.com\\\/switcheatappdev\\\/wordpressovh\\\/?s={search_term_string}\"},\"query-input\":{\"@type\":\"PropertyValueSpecification\",\"valueRequired\":true,\"valueName\":\"search_term_string\"}}],\"inLanguage\":\"en-US\"},{\"@type\":\"Organization\",\"@id\":\"https:\\\/\\\/blueberry-group.com\\\/switcheatappdev\\\/wordpressovh\\\/#organization\",\"name\":\"SwitchUp\",\"url\":\"https:\\\/\\\/blueberry-group.com\\\/switcheatappdev\\\/wordpressovh\\\/\",\"logo\":{\"@type\":\"ImageObject\",\"inLanguage\":\"en-US\",\"@id\":\"https:\\\/\\\/blueberry-group.com\\\/switcheatappdev\\\/wordpressovh\\\/#\\\/schema\\\/logo\\\/image\\\/\",\"url\":\"https:\\\/\\\/blueberry-group.com\\\/switcheatappdev\\\/wordpressovh\\\/wp-content\\\/uploads\\\/2022\\\/01\\\/Logo-SE-non-encadre\u0301-e1642171933717.jpg\",\"contentUrl\":\"https:\\\/\\\/blueberry-group.com\\\/switcheatappdev\\\/wordpressovh\\\/wp-content\\\/uploads\\\/2022\\\/01\\\/Logo-SE-non-encadre\u0301-e1642171933717.jpg\",\"width\":200,\"height\":200,\"caption\":\"SwitchUp\"},\"image\":{\"@id\":\"https:\\\/\\\/blueberry-group.com\\\/switcheatappdev\\\/wordpressovh\\\/#\\\/schema\\\/logo\\\/image\\\/\"}}]}<\/script>\n<!-- \/ Yoast SEO plugin. -->","yoast_head_json":{"title":"contact - SwitchUp","robots":{"index":"index","follow":"follow","max-snippet":"max-snippet:-1","max-image-preview":"max-image-preview:large","max-video-preview":"max-video-preview:-1"},"canonical":"https:\/\/blueberry-group.com\/switcheatappdev\/wordpressovh\/en\/contact\/","og_locale":"en_US","og_type":"article","og_title":"contact - SwitchUp","og_description":"Vous avez une question ou besoin d&rsquo;informations additionnelles. N&rsquo;h\u00e9sitez pas \u00e0 nous contacter pour poser vos questions et notre service client vous r\u00e9pondradans les meilleurs d\u00e9lais Vous souhaitez nous contacter ou recevoir des informations ? T\u00c9L\u00c9CHARGEZ D\u00c8S MAINTENANT SWITCHUP T\u00c9L\u00c9CHARGEZ SUR GOOGLE PLAY T\u00c9L\u00c9CHARGEZ SUR APP STORE T\u00e9l\u00e9chargez d\u00e8s maintenant Google Play App Store &#8211; [&hellip;]","og_url":"https:\/\/blueberry-group.com\/switcheatappdev\/wordpressovh\/en\/contact\/","og_site_name":"SwitchUp","article_modified_time":"2022-08-03T11:42:36+00:00","og_image":[{"url":"https:\/\/blueberry-group.com\/switcheatappdev\/wordpressovh\/wp-content\/uploads\/2022\/01\/logo_small.png","type":"","width":"","height":""}],"twitter_card":"summary_large_image","twitter_misc":{"Est. reading time":"1 minute"},"schema":{"@context":"https:\/\/schema.org","@graph":[{"@type":"WebPage","@id":"https:\/\/blueberry-group.com\/switcheatappdev\/wordpressovh\/contact\/","url":"https:\/\/blueberry-group.com\/switcheatappdev\/wordpressovh\/contact\/","name":"contact - SwitchUp","isPartOf":{"@id":"https:\/\/blueberry-group.com\/switcheatappdev\/wordpressovh\/#website"},"primaryImageOfPage":{"@id":"https:\/\/blueberry-group.com\/switcheatappdev\/wordpressovh\/contact\/#primaryimage"},"image":{"@id":"https:\/\/blueberry-group.com\/switcheatappdev\/wordpressovh\/contact\/#primaryimage"},"thumbnailUrl":"https:\/\/blueberry-group.com\/switcheatappdev\/wordpressovh\/wp-content\/uploads\/2022\/01\/logo_small.png","datePublished":"2022-01-10T13:11:16+00:00","dateModified":"2022-08-03T11:42:36+00:00","breadcrumb":{"@id":"https:\/\/blueberry-group.com\/switcheatappdev\/wordpressovh\/contact\/#breadcrumb"},"inLanguage":"en-US","potentialAction":[{"@type":"ReadAction","target":["https:\/\/blueberry-group.com\/switcheatappdev\/wordpressovh\/contact\/"]}]},{"@type":"ImageObject","inLanguage":"en-US","@id":"https:\/\/blueberry-group.com\/switcheatappdev\/wordpressovh\/contact\/#primaryimage","url":"https:\/\/blueberry-group.com\/switcheatappdev\/wordpressovh\/wp-content\/uploads\/2022\/01\/logo_small.png","contentUrl":"https:\/\/blueberry-group.com\/switcheatappdev\/wordpressovh\/wp-content\/uploads\/2022\/01\/logo_small.png"},{"@type":"BreadcrumbList","@id":"https:\/\/blueberry-group.com\/switcheatappdev\/wordpressovh\/contact\/#breadcrumb","itemListElement":[{"@type":"ListItem","position":1,"name":"Accueil","item":"https:\/\/blueberry-group.com\/switcheatappdev\/wordpressovh\/"},{"@type":"ListItem","position":2,"name":"contact"}]},{"@type":"WebSite","@id":"https:\/\/blueberry-group.com\/switcheatappdev\/wordpressovh\/#website","url":"https:\/\/blueberry-group.com\/switcheatappdev\/wordpressovh\/","name":"SwitchUp","description":"No Diet, just Switch !","publisher":{"@id":"https:\/\/blueberry-group.com\/switcheatappdev\/wordpressovh\/#organization"},"potentialAction":[{"@type":"SearchAction","target":{"@type":"EntryPoint","urlTemplate":"https:\/\/blueberry-group.com\/switcheatappdev\/wordpressovh\/?s={search_term_string}"},"query-input":{"@type":"PropertyValueSpecification","valueRequired":true,"valueName":"search_term_string"}}],"inLanguage":"en-US"},{"@type":"Organization","@id":"https:\/\/blueberry-group.com\/switcheatappdev\/wordpressovh\/#organization","name":"SwitchUp","url":"https:\/\/blueberry-group.com\/switcheatappdev\/wordpressovh\/","logo":{"@type":"ImageObject","inLanguage":"en-US","@id":"https:\/\/blueberry-group.com\/switcheatappdev\/wordpressovh\/#\/schema\/logo\/image\/","url":"https:\/\/blueberry-group.com\/switcheatappdev\/wordpressovh\/wp-content\/uploads\/2022\/01\/Logo-SE-non-encadre\u0301-e1642171933717.jpg","contentUrl":"https:\/\/blueberry-group.com\/switcheatappdev\/wordpressovh\/wp-content\/uploads\/2022\/01\/Logo-SE-non-encadre\u0301-e1642171933717.jpg","width":200,"height":200,"caption":"SwitchUp"},"image":{"@id":"https:\/\/blueberry-group.com\/switcheatappdev\/wordpressovh\/#\/schema\/logo\/image\/"}}]}},"_links":{"self":[{"href":"https:\/\/blueberry-group.com\/switcheatappdev\/wordpressovh\/en\/wp-json\/wp\/v2\/pages\/1122","targetHints":{"allow":["GET"]}}],"collection":[{"href":"https:\/\/blueberry-group.com\/switcheatappdev\/wordpressovh\/en\/wp-json\/wp\/v2\/pages"}],"about":[{"href":"https:\/\/blueberry-group.com\/switcheatappdev\/wordpressovh\/en\/wp-json\/wp\/v2\/types\/page"}],"author":[{"embeddable":true,"href":"https:\/\/blueberry-group.com\/switcheatappdev\/wordpressovh\/en\/wp-json\/wp\/v2\/users\/3"}],"replies":[{"embeddable":true,"href":"https:\/\/blueberry-group.com\/switcheatappdev\/wordpressovh\/en\/wp-json\/wp\/v2\/comments?post=1122"}],"version-history":[{"count":83,"href":"https:\/\/blueberry-group.com\/switcheatappdev\/wordpressovh\/en\/wp-json\/wp\/v2\/pages\/1122\/revisions"}],"predecessor-version":[{"id":7150,"href":"https:\/\/blueberry-group.com\/switcheatappdev\/wordpressovh\/en\/wp-json\/wp\/v2\/pages\/1122\/revisions\/7150"}],"wp:attachment":[{"href":"https:\/\/blueberry-group.com\/switcheatappdev\/wordpressovh\/en\/wp-json\/wp\/v2\/media?parent=1122"}],"curies":[{"name":"wp","href":"https:\/\/api.w.org\/{rel}","templated":true}]}}